{"id":258,"date":"2022-02-02T10:17:40","date_gmt":"2022-02-02T14:17:40","guid":{"rendered":"http:\/\/ayuntamiento.o\/transparencia\/?page_id=258"},"modified":"2025-01-31T09:13:34","modified_gmt":"2025-01-31T13:13:34","slug":"responsable-de-acceso-a-la-informacion","status":"publish","type":"page","link":"https:\/\/ayuntamientopiedrablanca.gob.do\/transparencia\/responsable-de-acceso-a-la-informacion\/","title":{"rendered":"Responsable de Acceso a la Informaci\u00f3n (RAIM)"},"content":{"rendered":"\n<figure class=\"wp-block-image size-large\"><img loading=\"lazy\" width=\"700\" height=\"690\" src=\"https:\/\/ayuntamientopiedrablanca.gob.do\/transparencia\/wp-content\/uploads\/2025\/01\/Imagen-de-WhatsApp-2025-01-31-a-las-09.09.28_f7492dcc-700x690.jpg\" alt=\"\" class=\"wp-image-1200\" srcset=\"https:\/\/ayuntamientopiedrablanca.gob.do\/transparencia\/wp-content\/uploads\/2025\/01\/Imagen-de-WhatsApp-2025-01-31-a-las-09.09.28_f7492dcc-700x690.jpg 700w, https:\/\/ayuntamientopiedrablanca.gob.do\/transparencia\/wp-content\/uploads\/2025\/01\/Imagen-de-WhatsApp-2025-01-31-a-las-09.09.28_f7492dcc-250x246.jpg 250w, https:\/\/ayuntamientopiedrablanca.gob.do\/transparencia\/wp-content\/uploads\/2025\/01\/Imagen-de-WhatsApp-2025-01-31-a-las-09.09.28_f7492dcc-768x757.jpg 768w, https:\/\/ayuntamientopiedrablanca.gob.do\/transparencia\/wp-content\/uploads\/2025\/01\/Imagen-de-WhatsApp-2025-01-31-a-las-09.09.28_f7492dcc-120x118.jpg 120w, https:\/\/ayuntamientopiedrablanca.gob.do\/transparencia\/wp-content\/uploads\/2025\/01\/Imagen-de-WhatsApp-2025-01-31-a-las-09.09.28_f7492dcc.jpg 1218w\" sizes=\"(max-width: 700px) 100vw, 700px\" \/><\/figure>\n\n\n\n<figure class=\"wp-block-image size-large\"><img loading=\"lazy\" width=\"700\" height=\"933\" src=\"https:\/\/ayuntamientopiedrablanca.gob.do\/transparencia\/wp-content\/uploads\/2025\/01\/Imagen-de-WhatsApp-2025-01-31-a-las-08.58.10_34709d4a-1-700x933.jpg\" alt=\"\" class=\"wp-image-1201\" srcset=\"https:\/\/ayuntamientopiedrablanca.gob.do\/transparencia\/wp-content\/uploads\/2025\/01\/Imagen-de-WhatsApp-2025-01-31-a-las-08.58.10_34709d4a-1-700x933.jpg 700w, https:\/\/ayuntamientopiedrablanca.gob.do\/transparencia\/wp-content\/uploads\/2025\/01\/Imagen-de-WhatsApp-2025-01-31-a-las-08.58.10_34709d4a-1-250x333.jpg 250w, https:\/\/ayuntamientopiedrablanca.gob.do\/transparencia\/wp-content\/uploads\/2025\/01\/Imagen-de-WhatsApp-2025-01-31-a-las-08.58.10_34709d4a-1-768x1024.jpg 768w, https:\/\/ayuntamientopiedrablanca.gob.do\/transparencia\/wp-content\/uploads\/2025\/01\/Imagen-de-WhatsApp-2025-01-31-a-las-08.58.10_34709d4a-1-120x160.jpg 120w, https:\/\/ayuntamientopiedrablanca.gob.do\/transparencia\/wp-content\/uploads\/2025\/01\/Imagen-de-WhatsApp-2025-01-31-a-las-08.58.10_34709d4a-1.jpg 960w\" sizes=\"(max-width: 700px) 100vw, 700px\" \/><\/figure>\n\n\n<p>\u00a0<\/p>\n<p><a href=\"http:\/\/ayuntamientopiedrablanca.gob.do\/transparencia\/wp-content\/uploads\/2022\/03\/Ofina-Libre-Acceso-a-la-Informacion.pdf\">Ofina Libre Acceso a la Informacion<\/a><\/p>\n<table style=\"border-collapse: collapse;width: 37.926%;height: 174px\" border=\"1\">\n<tbody>\n<tr style=\"height: 24px\">\n<td style=\"width: 100%;height: 24px\"><span style=\"font-size: 14pt\"><strong>Andreina Henr\u00edquez Mej\u00eda<\/strong><\/span><\/td>\n<\/tr>\n<tr style=\"height: 24px\">\n<td style=\"width: 100%;height: 24px\"><span style=\"font-size: 14pt\"><strong>Tel\u00e9fono: 809-559-5438<\/strong><\/span><\/td>\n<\/tr>\n<tr style=\"height: 24px\">\n<td style=\"width: 100%;height: 24px\"><span style=\"font-size: 14pt\"><strong>Celular: 849-388-1745<\/strong><\/span><\/td>\n<\/tr>\n<tr style=\"height: 23px\">\n<td style=\"width: 100%;height: 23px\"><span style=\"font-size: 14pt\">\u00a0<\/span><\/td>\n<\/tr>\n<tr style=\"height: 24px\">\n<td style=\"width: 100%;height: 24px\">\u00a0<\/td>\n<\/tr>\n<\/tbody>\n<\/table>\n<p style=\"text-align: center\">\u00a0<\/p>","protected":false},"excerpt":{"rendered":"\u00a0 Ofina Libre Acceso a la Informacion Andreina Henr\u00edquez Mej\u00eda Tel\u00e9fono: 809-559-5438 Celular: 849-388-1745 \u00a0 \u00a0 \u00a0","protected":false},"author":4,"featured_media":0,"parent":0,"menu_order":0,"comment_status":"closed","ping_status":"closed","template":"","meta":[],"_links":{"self":[{"href":"https:\/\/ayuntamientopiedrablanca.gob.do\/transparencia\/wp-json\/wp\/v2\/pages\/258"}],"collection":[{"href":"https:\/\/ayuntamientopiedrablanca.gob.do\/transparencia\/wp-json\/wp\/v2\/pages"}],"about":[{"href":"https:\/\/ayuntamientopiedrablanca.gob.do\/transparencia\/wp-json\/wp\/v2\/types\/page"}],"author":[{"embeddable":true,"href":"https:\/\/ayuntamientopiedrablanca.gob.do\/transparencia\/wp-json\/wp\/v2\/users\/4"}],"replies":[{"embeddable":true,"href":"https:\/\/ayuntamientopiedrablanca.gob.do\/transparencia\/wp-json\/wp\/v2\/comments?post=258"}],"version-history":[{"count":7,"href":"https:\/\/ayuntamientopiedrablanca.gob.do\/transparencia\/wp-json\/wp\/v2\/pages\/258\/revisions"}],"predecessor-version":[{"id":1202,"href":"https:\/\/ayuntamientopiedrablanca.gob.do\/transparencia\/wp-json\/wp\/v2\/pages\/258\/revisions\/1202"}],"wp:attachment":[{"href":"https:\/\/ayuntamientopiedrablanca.gob.do\/transparencia\/wp-json\/wp\/v2\/media?parent=258"}],"curies":[{"name":"wp","href":"https:\/\/api.w.org\/{rel}","templated":true}]}}