{"id":339,"date":"2018-01-22T15:11:07","date_gmt":"2018-01-22T19:11:07","guid":{"rendered":"http:\/\/ayuntamiento.o\/transparencia\/?page_id=339"},"modified":"2022-06-30T11:35:22","modified_gmt":"2022-06-30T15:35:22","slug":"como-ser-proveedor","status":"publish","type":"page","link":"https:\/\/ayuntamientopiedrablanca.gob.do\/transparencia\/como-ser-proveedor\/","title":{"rendered":"\u00bfC\u00f3mo ser proveedor?"},"content":{"rendered":"<p class=\"paragraph ng-attr-widget\">Los proveedores interesados en ofrecer bienes y servicios al Ministerio de Hacienda deben cumplir con los siguientes requisitos:<\/p>\n<p class=\"paragraph ng-attr-widget\">\nContar con el Registro de Proveedores del Estado (RPE), seg\u00fan lo establecido en el portal <a href=\"_wp_link_placeholder\" data-wplink-edit=\"true\">https:\/\/www.dgcp.gob.do\/servicios\/registro-de-proveedores<\/a>\/.<\/p>\n<p class=\"paragraph ng-attr-widget\">\nEstar al d\u00eda en el pago de sus obligaciones fiscales.<br \/>\nDepositar en el Departamento de Compras* un Portafolio de Negocios que incluya:<br \/>\nDescripci\u00f3n de la empresa<br \/>\nBienes y servicios ofrecidos<br \/>\nServicios de valor a\u00f1adido<br \/>\nExperiencia en el mercado<br \/>\nReferencias comerciales<br \/>\nT\u00e9rminos de pago<br \/>\nT\u00e9rminos de entrega<\/p>\n<p class=\"paragraph ng-attr-widget\">\nParticipar de los procesos de las compras y contrataciones publicados a trav\u00e9s de este portal y la Direcci\u00f3n General de Contrataciones P\u00fablicas https:\/\/www.dgcp.gob.do\/servicios\/registro-de-proveedores\/ y en el portal de nuestra organizaci\u00f3n gubernamental en la secci\u00f3n de transparencia..<\/p>\n","protected":false},"excerpt":{"rendered":"Los proveedores interesados en ofrecer bienes y servicios al Ministerio de Hacienda deben cumplir con los siguientes requisitos: Contar con el Registro de Proveedores del Estado (RPE), seg\u00fan lo establecido en el portal https:\/\/www.dgcp.gob.do\/servicios\/registro-de-proveedores\/. Estar al d\u00eda en el pago de sus obligaciones fiscales. Depositar en el Departamento de Compras* un Portafolio de Negocios que&#8230;","protected":false},"author":4,"featured_media":0,"parent":0,"menu_order":0,"comment_status":"closed","ping_status":"closed","template":"","meta":[],"_links":{"self":[{"href":"https:\/\/ayuntamientopiedrablanca.gob.do\/transparencia\/wp-json\/wp\/v2\/pages\/339"}],"collection":[{"href":"https:\/\/ayuntamientopiedrablanca.gob.do\/transparencia\/wp-json\/wp\/v2\/pages"}],"about":[{"href":"https:\/\/ayuntamientopiedrablanca.gob.do\/transparencia\/wp-json\/wp\/v2\/types\/page"}],"author":[{"embeddable":true,"href":"https:\/\/ayuntamientopiedrablanca.gob.do\/transparencia\/wp-json\/wp\/v2\/users\/4"}],"replies":[{"embeddable":true,"href":"https:\/\/ayuntamientopiedrablanca.gob.do\/transparencia\/wp-json\/wp\/v2\/comments?post=339"}],"version-history":[{"count":2,"href":"https:\/\/ayuntamientopiedrablanca.gob.do\/transparencia\/wp-json\/wp\/v2\/pages\/339\/revisions"}],"predecessor-version":[{"id":629,"href":"https:\/\/ayuntamientopiedrablanca.gob.do\/transparencia\/wp-json\/wp\/v2\/pages\/339\/revisions\/629"}],"wp:attachment":[{"href":"https:\/\/ayuntamientopiedrablanca.gob.do\/transparencia\/wp-json\/wp\/v2\/media?parent=339"}],"curies":[{"name":"wp","href":"https:\/\/api.w.org\/{rel}","templated":true}]}}