{"id":56,"date":"2022-02-08T10:55:12","date_gmt":"2022-02-08T14:55:12","guid":{"rendered":"http:\/\/ayuntamiento.guineo\/transparencia\/?page_id=56"},"modified":"2022-02-08T09:26:47","modified_gmt":"2022-02-08T13:26:47","slug":"derechos-de-los-ciudadanos","status":"publish","type":"page","link":"https:\/\/ayuntamientopiedrablanca.gob.do\/transparencia\/derechos-de-los-ciudadanos\/","title":{"rendered":"Derechos de los Ciudadanos"},"content":{"rendered":"<p>&nbsp;<\/p>\n<p><img loading=\"lazy\" class=\"wp-image-408 aligncenter\" src=\"http:\/\/ayuntamientopiedrablanca.gob.do\/transparencia\/wp-content\/uploads\/2022\/02\/20180409PHT01213_original-250x142.jpg\" alt=\"\" width=\"669\" height=\"380\" srcset=\"https:\/\/ayuntamientopiedrablanca.gob.do\/transparencia\/wp-content\/uploads\/2022\/02\/20180409PHT01213_original-250x142.jpg 250w, https:\/\/ayuntamientopiedrablanca.gob.do\/transparencia\/wp-content\/uploads\/2022\/02\/20180409PHT01213_original-768x435.jpg 768w, https:\/\/ayuntamientopiedrablanca.gob.do\/transparencia\/wp-content\/uploads\/2022\/02\/20180409PHT01213_original-700x397.jpg 700w, https:\/\/ayuntamientopiedrablanca.gob.do\/transparencia\/wp-content\/uploads\/2022\/02\/20180409PHT01213_original-120x68.jpg 120w, https:\/\/ayuntamientopiedrablanca.gob.do\/transparencia\/wp-content\/uploads\/2022\/02\/20180409PHT01213_original.jpg 1156w\" sizes=\"(max-width: 669px) 100vw, 669px\" \/><\/p>\n<p>&nbsp;<\/p>\n<p><strong>1. SOLICITAR:<\/strong> Informaci\u00f3n de cualquier \u00f3rgano del Estado Dominicano y de todas las sociedades an\u00f3nimas, compa\u00f1\u00edas an\u00f3nimas o compa\u00f1\u00edas por acciones con participaci\u00f3n estatal.<\/p>\n<p><strong>2. RECIBIR:<\/strong> Informaci\u00f3n completa, veraz, adecuada y oportuna de cualquier \u00f3rgano del Estado Dominicano y de todas las sociedades an\u00f3nimas, compa\u00f1\u00edas an\u00f3nimas o compa\u00f1\u00edas por acciones con participaci\u00f3n estatal.<\/p>\n<p><strong>3. ACCESO:<\/strong> Gratuito a la informaci\u00f3n en tanto que no se requiera reproducci\u00f3n de la misma.<\/p>\n<p><strong>4. SOLICITAR:<\/strong> Recibir y difundir informaciones pertenecientes a la administraci\u00f3n del Estado.<\/p>\n<p><strong>5. CONOCER:<\/strong> Los proyectos de reglamentos y otras disposiciones de car\u00e1cter general que rigen las relaciones entre los particulares y la administraci\u00f3n.<\/p>\n<p><strong>6. OPINAR:<\/strong> Sobre los proyectos de reglamentos y otras disposiciones de car\u00e1cter general que igen las relaciones entre los particulares y la administraci\u00f3n.<\/p>\n<p><strong>7. OBTENER:<\/strong> Informaci\u00f3n sobre los servicios que ofrece el Estado y sus tarifas.<\/p>\n<p><strong>8. SABER:<\/strong> La estructura, integrantes, normativas de funcionamiento, proyectos, informes de gesti\u00f3n, y bases de datos de la administraci\u00f3n p\u00fablica.<\/p>\n<p><strong>9. CONOCER:<\/strong> Sobre los presupuestos y c\u00e1lculos de recursos y gastos aprobados, su evoluci\u00f3n y estado de ejecuci\u00f3n.<\/p>\n<p><strong>10. TENER:<\/strong> Informaci\u00f3n sobre los programas y proyectos, sus presupuestos, plazos, ejecuci\u00f3n y supervisi\u00f3n.<\/p>\n<p><strong>11. ESTAR:<\/strong> Al tanto sobra las licitaciones, concursos, compras, gastos y resultados.<\/p>\n<p><strong>12. ACCEDER:<\/strong> A la n\u00f3mina del estado y sus remuneraciones.<\/p>\n<p><strong>13. CONOCER:<\/strong> La declaraci\u00f3n jurada patrimonial de los funcionarios del Estado cuando su presentaci\u00f3n corresponda por la ley.<\/p>\n<p><strong>14. RECIBIR:<\/strong> Informaci\u00f3n sobre el listado de beneficiarios de programas asistenciales, subsidios, becas, jubilaciones, pensiones y retiros.<\/p>\n<p><strong>15. SABER:<\/strong> Sobre el estado de cuantas, de la deuda p\u00fablica, su vencimiento y pagos.<\/p>\n<p>1<strong>6. BUSCAR:<\/strong> Las leyes, decretos, resoluciones, disposiciones, marcos regulatorios y cualquier tipo de normativa.<\/p>\n<p>1<strong>7. SOLICITAR Y RECIBIR:<\/strong> Oportunamente cualquier tipo de documentaci\u00f3n financiera relativa al presupuesto p\u00fablico.<\/p>\n","protected":false},"excerpt":{"rendered":"&nbsp; &nbsp; 1. SOLICITAR: Informaci\u00f3n de cualquier \u00f3rgano del Estado Dominicano y de todas las sociedades an\u00f3nimas, compa\u00f1\u00edas an\u00f3nimas o compa\u00f1\u00edas por acciones con participaci\u00f3n estatal. 2. RECIBIR: Informaci\u00f3n completa, veraz, adecuada y oportuna de cualquier \u00f3rgano del Estado Dominicano y de todas las sociedades an\u00f3nimas, compa\u00f1\u00edas an\u00f3nimas o compa\u00f1\u00edas por acciones con participaci\u00f3n estatal&#8230;.","protected":false},"author":4,"featured_media":408,"parent":0,"menu_order":0,"comment_status":"closed","ping_status":"closed","template":"","meta":[],"_links":{"self":[{"href":"https:\/\/ayuntamientopiedrablanca.gob.do\/transparencia\/wp-json\/wp\/v2\/pages\/56"}],"collection":[{"href":"https:\/\/ayuntamientopiedrablanca.gob.do\/transparencia\/wp-json\/wp\/v2\/pages"}],"about":[{"href":"https:\/\/ayuntamientopiedrablanca.gob.do\/transparencia\/wp-json\/wp\/v2\/types\/page"}],"author":[{"embeddable":true,"href":"https:\/\/ayuntamientopiedrablanca.gob.do\/transparencia\/wp-json\/wp\/v2\/users\/4"}],"replies":[{"embeddable":true,"href":"https:\/\/ayuntamientopiedrablanca.gob.do\/transparencia\/wp-json\/wp\/v2\/comments?post=56"}],"version-history":[{"count":8,"href":"https:\/\/ayuntamientopiedrablanca.gob.do\/transparencia\/wp-json\/wp\/v2\/pages\/56\/revisions"}],"predecessor-version":[{"id":414,"href":"https:\/\/ayuntamientopiedrablanca.gob.do\/transparencia\/wp-json\/wp\/v2\/pages\/56\/revisions\/414"}],"wp:featuredmedia":[{"embeddable":true,"href":"https:\/\/ayuntamientopiedrablanca.gob.do\/transparencia\/wp-json\/wp\/v2\/media\/408"}],"wp:attachment":[{"href":"https:\/\/ayuntamientopiedrablanca.gob.do\/transparencia\/wp-json\/wp\/v2\/media?parent=56"}],"curies":[{"name":"wp","href":"https:\/\/api.w.org\/{rel}","templated":true}]}}