{"id":78,"date":"2022-02-02T11:24:21","date_gmt":"2022-02-02T15:24:21","guid":{"rendered":"http:\/\/ayuntamiento.guineo\/transparencia\/?page_id=78"},"modified":"2022-02-02T11:47:41","modified_gmt":"2022-02-02T15:47:41","slug":"definicion-oaim-oficina-de-acceso-a-la-informacion-municipal","status":"publish","type":"page","link":"https:\/\/ayuntamientopiedrablanca.gob.do\/transparencia\/definicion-oaim-oficina-de-acceso-a-la-informacion-municipal\/","title":{"rendered":"Definici\u00f3n OAIM (Oficina de Acceso a la Informaci\u00f3n Municipal)"},"content":{"rendered":"<p><strong>Definici\u00f3n OAI<\/strong><\/p>\n<p>La Oficina de Libre Acceso a la Informaci\u00f3n P\u00fablica (OAI), es un mandato de la Ley General de Libre Acceso a la Informaci\u00f3n P\u00fablica Ley 200-04 y el Decreto No. 130-05 que crea el reglamento de dicha ley, con el objetivo de apoyar a entidades y personas tanto p\u00fablicas como privadas mediante las informaciones solicitadas.<\/p>\n<p><strong>Visi\u00f3n<\/strong><br \/>\nDar sost\u00e9n a los valores de honestidad, integridad, eficiencia, eficacia, calidad y trabajo en el equipo del Ayuntamiento Municipal de Piedra Blanca, Prov. Monse\u00f1or Nouel, Rep\u00fablica Dominicana, apoyando as\u00ed los esfuerzos de transparencia institucional.<\/p>\n<p><strong>Misi\u00f3n<\/strong><br \/>\nGarantizar el acceso de los usuarios a la informaci\u00f3n sobre la gesti\u00f3n del Ayuntamiento Municipal de Piedra Blanca, Provincia Monse\u00f1or Nouel, Rep\u00fablica Dominicana como una forma de validar la transparencia de la instituci\u00f3n.<\/p>\n<p><strong>Definici\u00f3n RAI<\/strong><br \/>\nLa encargada de Libre Acceso a la Informaci\u00f3n P\u00fablica, es la responsable de tramitar y facilitar las informaciones requeridas y de ser el canal de comunicaci\u00f3n entre la instituci\u00f3n, ciudadanos y ciudadanas.<\/p>\n<p><strong>Proceso de Solicitud de Informaci\u00f3n:<\/strong><\/p>\n<p>\u2022 Completar el formulario de solicitud de informaci\u00f3n.<br \/>\n\u2022 Se procede a la revisi\u00f3n de dicho documento con la finalidad de verificar que est\u00e1 debidamente completada (o).<br \/>\n\u2022 Se hace entrega de acuse de recibo al solicitante.<br \/>\n\u2022 Seg\u00fan la complejidad de la informaci\u00f3n, se asigna una fecha de entrega. En caso de no ser la \u00d3PTICA la entidad competente para ofrecer la informaci\u00f3n requerida, dicha solicitud se refiere a la instituci\u00f3n correspondiente y se le informa al solicitante, el curso que ha tomado su solicitud y la instituci\u00f3n destinataria.<br \/>\n\u2022 Seguimiento de la (s) solicitud (es) hasta confirmar que se ha suministrado la informaci\u00f3n.<br \/>\nContacto Responsable de Acceso a la Informaci\u00f3n<br \/>\nAndreina Henr\u00edquez Mej\u00eda<br \/>\nEncargada de Acceso a la Informaci\u00f3n P\u00fablica (RAI)<br \/>\nTel\u00e9fono: 809-559-5438<br \/>\nCelular: 809-351-3631<br \/>\nCorreo electr\u00f3nico: <a href=\"mailto:henriquezandrea11@gmail.com\">henriquezandrea11@gmail.com<\/a><\/p>\n","protected":false},"excerpt":{"rendered":"Definici\u00f3n OAI La Oficina de Libre Acceso a la Informaci\u00f3n P\u00fablica (OAI), es un mandato de la Ley General de Libre Acceso a la Informaci\u00f3n P\u00fablica Ley 200-04 y el Decreto No. 130-05 que crea el reglamento de dicha ley, con el objetivo de apoyar a entidades y personas tanto p\u00fablicas como privadas mediante las&#8230;","protected":false},"author":4,"featured_media":0,"parent":0,"menu_order":0,"comment_status":"closed","ping_status":"closed","template":"","meta":[],"_links":{"self":[{"href":"https:\/\/ayuntamientopiedrablanca.gob.do\/transparencia\/wp-json\/wp\/v2\/pages\/78"}],"collection":[{"href":"https:\/\/ayuntamientopiedrablanca.gob.do\/transparencia\/wp-json\/wp\/v2\/pages"}],"about":[{"href":"https:\/\/ayuntamientopiedrablanca.gob.do\/transparencia\/wp-json\/wp\/v2\/types\/page"}],"author":[{"embeddable":true,"href":"https:\/\/ayuntamientopiedrablanca.gob.do\/transparencia\/wp-json\/wp\/v2\/users\/4"}],"replies":[{"embeddable":true,"href":"https:\/\/ayuntamientopiedrablanca.gob.do\/transparencia\/wp-json\/wp\/v2\/comments?post=78"}],"version-history":[{"count":4,"href":"https:\/\/ayuntamientopiedrablanca.gob.do\/transparencia\/wp-json\/wp\/v2\/pages\/78\/revisions"}],"predecessor-version":[{"id":403,"href":"https:\/\/ayuntamientopiedrablanca.gob.do\/transparencia\/wp-json\/wp\/v2\/pages\/78\/revisions\/403"}],"wp:attachment":[{"href":"https:\/\/ayuntamientopiedrablanca.gob.do\/transparencia\/wp-json\/wp\/v2\/media?parent=78"}],"curies":[{"name":"wp","href":"https:\/\/api.w.org\/{rel}","templated":true}]}}